{"id":30,"date":"2024-03-13T14:44:25","date_gmt":"2024-03-13T14:44:25","guid":{"rendered":"https:\/\/demosites.royal-elementor-addons.com\/jewelry-v1\/?page_id=30"},"modified":"2025-12-11T16:55:22","modified_gmt":"2025-12-11T16:55:22","slug":"about","status":"publish","type":"page","link":"https:\/\/conceitolanzara.com\/de\/about\/","title":{"rendered":"Sobre"},"content":{"rendered":"\t\t<div data-elementor-type=\"wp-page\" data-elementor-id=\"30\" class=\"elementor elementor-30\" data-elementor-post-type=\"page\">\n\t\t\t\t<div class=\"elementor-element elementor-element-423e38a e-flex e-con-boxed wpr-particle-no wpr-jarallax-no wpr-parallax-no wpr-sticky-section-no e-con e-parent\" data-id=\"423e38a\" data-element_type=\"container\" data-settings=\"{&quot;background_background&quot;:&quot;classic&quot;}\">\n\t\t\t\t\t<div class=\"e-con-inner\">\n\t\t<div class=\"elementor-element elementor-element-981e212 e-flex e-con-boxed wpr-particle-no wpr-jarallax-no wpr-parallax-no wpr-sticky-section-no e-con e-child\" data-id=\"981e212\" data-element_type=\"container\">\n\t\t\t\t\t<div class=\"e-con-inner\">\n\t\t\t\t<div class=\"elementor-element elementor-element-a3a9f8f elementor-widget elementor-widget-heading\" data-id=\"a3a9f8f\" data-element_type=\"widget\" data-widget_type=\"heading.default\">\n\t\t\t\t\t<h2 class=\"elementor-heading-title elementor-size-default\">Conceito Lanzara<\/h2>\t\t\t\t<\/div>\n\t\t\t\t\t<\/div>\n\t\t\t\t<\/div>\n\t\t\t\t\t<\/div>\n\t\t\t\t<\/div>\n\t\t<div class=\"elementor-element elementor-element-75d16ea e-flex e-con-boxed wpr-particle-no wpr-jarallax-no wpr-parallax-no wpr-sticky-section-no e-con e-parent\" data-id=\"75d16ea\" data-element_type=\"container\">\n\t\t\t\t\t<div class=\"e-con-inner\">\n\t\t\t\t<div class=\"elementor-element elementor-element-36b42b3 elementor-widget elementor-widget-heading\" data-id=\"36b42b3\" data-element_type=\"widget\" data-widget_type=\"heading.default\">\n\t\t\t\t\t<h2 class=\"elementor-heading-title elementor-size-default\">A empresa mais inovadora do mundo no ecossistema de joias<\/h2>\t\t\t\t<\/div>\n\t\t<div class=\"elementor-element elementor-element-c0a4d43 e-con-full e-flex wpr-particle-no wpr-jarallax-no wpr-parallax-no wpr-sticky-section-no e-con e-child\" data-id=\"c0a4d43\" data-element_type=\"container\">\n\t\t\t\t<div class=\"elementor-element elementor-element-aa9d61f elementor-widget elementor-widget-text-editor\" data-id=\"aa9d61f\" data-element_type=\"widget\" data-widget_type=\"text-editor.default\">\n\t\t\t\t\t\t\t\t\t<p data-start=\"258\" data-end=\"537\">Est\u00e1 no mercado trazendo um novo olhar para as pessoas de alto valor que s\u00e3o emolduradas por inova\u00e7\u00f5es que extraem a beleza interior e exp\u00f5e ao mundo exterior o brilho de quem utiliza pe\u00e7as do conceito Lanzara. S\u00e3o mais de 30 anos inovando no mercado e criando tend\u00eancias visando a nobreza e o requinte do seleto grupo de pessoas que influenciam o meio com exclusividade. Viver uma experi\u00eancia no conceito Lanzara \u00e9 inaugurar uma nova vis\u00e3o de excel\u00eancia pessoal. Viva a sua pr\u00f3pria experiencia de exclusividade. Voc\u00ea pode sonhar! Idealize a sua joia. Imagine aquela pe\u00e7a que voc\u00ea sonha. Nosso departamento de design ir\u00e1 desenvolver a sua pe\u00e7a com o material que voc\u00ea deseja e detalhes que voc\u00ea merece. Confeccionaremos a sua pe\u00e7a. Acompanharemos e filmaremos todo o processo de produ\u00e7\u00e3o. Emitiremos o seu certificado de posse e autenticidade e voc\u00ea tera um bem inestim\u00e1vel exclusivo. Voc\u00ea pode, tamb\u00e9m, criar a sua pr\u00f3pria cole\u00e7\u00e3o levando o seu nome e sua marca. Voc\u00ea ser\u00e1 dono de um glamour fundamentado na excel\u00eancia e exclusividade. Contate-nos para maiores detalhes!<\/p>\t\t\t\t\t\t\t\t<\/div>\n\t\t\t\t<\/div>\n\t\t\t\t\t<\/div>\n\t\t\t\t<\/div>\n\t\t<div class=\"elementor-element elementor-element-8ce8117 e-flex e-con-boxed wpr-particle-no wpr-jarallax-no wpr-parallax-no wpr-sticky-section-no e-con e-parent\" data-id=\"8ce8117\" data-element_type=\"container\">\n\t\t\t\t\t<div class=\"e-con-inner\">\n\t\t\t\t<div class=\"elementor-element elementor-element-ad10dfd wpr-promo-box-style-cover elementor-widget elementor-widget-wpr-promo-box\" data-id=\"ad10dfd\" data-element_type=\"widget\" data-widget_type=\"wpr-promo-box.default\">\n\t\t\t\t\t\n\t\t<div class=\"wpr-promo-box wpr-animation-wrap\">\n\n\t\t\t\t\t\t\t\n\t\t\t\t\t\t\t<div class=\"wpr-promo-box-image\">\n\t\t\t\t\t<div class=\"wpr-promo-box-bg-image wpr-bg-anim-zoom-in wpr-anim-timing-ease-default\" style=\"background-image:url(https:\/\/conceitolanzara.com\/wp-content\/uploads\/2024\/03\/About-5.jpg);\"><\/div>\n\t\t\t\t\t<div class=\"wpr-promo-box-bg-overlay wpr-border-anim-none\"><\/div>\n\t\t\t\t<\/div>\n\t\t\t\t\t\t\n\t\t\t<div class=\"wpr-promo-box-content\">\n\n\t\t\t\t\n\t\t\t\t<h3 class=\"wpr-promo-box-title\"><span>Luxo &amp; Artesania<\/span><\/h3>\n\t\t\t\t\t\t\t\t\t<div class=\"wpr-promo-box-description\">\n\t\t\t\t\t\t<p><p data-start=\"247\" data-end=\"443\"><strong data-start=\"247\" data-end=\"284\">xcel\u00eancia em Joalheria Artesanal<\/strong><br data-start=\"284\" data-end=\"287\" \/>Cada joia Lanzara nasce das m\u00e3os de mestres ourives dedicados \u00e0 precis\u00e3o, beleza e autenticidade.<br data-start=\"384\" data-end=\"387\" \/>Transformamos tradi\u00e7\u00e3o em arte e detalhes em eternidade.<\/p><p data-start=\"445\" data-end=\"471\"><strong data-start=\"445\" data-end=\"471\">Conhe\u00e7a Nossa Ess\u00eancia<\/strong><\/p><\/p>\t\n\t\t\t\t\t<\/div>\t\t\t\t\t\t\n\t\t\t\t\n\t\t\t\t\t\t\t<\/div>\n\n\t\t\t\t\t<\/div>\n\n\t\t\t\t\t\t<\/div>\n\t\t\t\t\t<\/div>\n\t\t\t\t<\/div>\n\t\t<div class=\"elementor-element elementor-element-969b86e e-flex e-con-boxed wpr-particle-no wpr-jarallax-no wpr-parallax-no wpr-sticky-section-no e-con e-parent\" data-id=\"969b86e\" data-element_type=\"container\">\n\t\t\t\t\t<div class=\"e-con-inner\">\n\t\t<div class=\"elementor-element elementor-element-c5ef4dc e-flex e-con-boxed wpr-particle-no wpr-jarallax-no wpr-parallax-no wpr-sticky-section-no e-con e-child\" data-id=\"c5ef4dc\" data-element_type=\"container\">\n\t\t\t\t\t<div class=\"e-con-inner\">\n\t\t\t\t<div class=\"elementor-element elementor-element-7557255 elementor-widget elementor-widget-image\" data-id=\"7557255\" data-element_type=\"widget\" data-widget_type=\"image.default\">\n\t\t\t\t\t\t\t\t\t\t\t\t\t\t\t<img fetchpriority=\"high\" decoding=\"async\" width=\"800\" height=\"753\" src=\"https:\/\/conceitolanzara.com\/wp-content\/uploads\/2024\/03\/About-2-1.jpg\" class=\"attachment-large size-large wp-image-822\" alt=\"\" srcset=\"https:\/\/conceitolanzara.com\/wp-content\/uploads\/2024\/03\/About-2-1.jpg 800w, https:\/\/conceitolanzara.com\/wp-content\/uploads\/2024\/03\/About-2-1-300x282.jpg 300w, https:\/\/conceitolanzara.com\/wp-content\/uploads\/2024\/03\/About-2-1-768x723.jpg 768w, https:\/\/conceitolanzara.com\/wp-content\/uploads\/2024\/03\/About-2-1-600x565.jpg 600w\" sizes=\"(max-width: 800px) 100vw, 800px\" \/>\t\t\t\t\t\t\t\t\t\t\t\t\t\t\t<\/div>\n\t\t\t\t\t<\/div>\n\t\t\t\t<\/div>\n\t\t<div class=\"elementor-element elementor-element-33f069a e-flex e-con-boxed wpr-particle-no wpr-jarallax-no wpr-parallax-no wpr-sticky-section-no e-con e-child\" data-id=\"33f069a\" data-element_type=\"container\">\n\t\t\t\t\t<div class=\"e-con-inner\">\n\t\t\t\t<div class=\"elementor-element elementor-element-9586ac0 elementor-widget elementor-widget-heading\" data-id=\"9586ac0\" data-element_type=\"widget\" data-widget_type=\"heading.default\">\n\t\t\t\t\t<h2 class=\"elementor-heading-title elementor-size-default\">Hist\u00f3ria da Lanzara<\/h2>\t\t\t\t<\/div>\n\t\t\t\t<div class=\"elementor-element elementor-element-6ba6bf6 elementor-widget elementor-widget-text-editor\" data-id=\"6ba6bf6\" data-element_type=\"widget\" data-widget_type=\"text-editor.default\">\n\t\t\t\t\t\t\t\t\t<p>A hist\u00f3ria da Lanzara Joias remonta ao ano de 1956 quando seu fundador, Nicolino Lanzara, inicia em S\u00e3o Paulo o seu aprendizado na arte joalheira, com seu mestre Pierre de Montouchet, um dos maiores joalheiros franceses daquela \u00e9poca.<\/p>\t\t\t\t\t\t\t\t<\/div>\n\t\t\t\t<div class=\"elementor-element elementor-element-f2a992c elementor-widget elementor-widget-text-editor\" data-id=\"f2a992c\" data-element_type=\"widget\" data-widget_type=\"text-editor.default\">\n\t\t\t\t\t\t\t\t\t<p>Depois de desenvolver com destaque suas habilidades na arte da ourivesaria, despertou o interesse de uma grande joalheria de S\u00e3o Paulo, a Sigsmund Gansl, empresa onde prestou seus servi\u00e7os por agrad\u00e1veis 35 anos, adquirindo profundos conhecimentos da alta joalheria, criando e confeccionando magn\u00edficas joias para seleto grupo como Chiquinho Scarpa, Antonio Erm\u00edrio de Moraes, Paulo Maluf, Hebe Camargo, Jos\u00e9 Luiz Datena, entre outras personalidades da alta sociedade paulista.<\/p>\t\t\t\t\t\t\t\t<\/div>\n\t\t\t\t\t<\/div>\n\t\t\t\t<\/div>\n\t\t\t\t\t<\/div>\n\t\t\t\t<\/div>\n\t\t<div class=\"elementor-element elementor-element-eabe9d8 e-flex e-con-boxed wpr-particle-no wpr-jarallax-no wpr-parallax-no wpr-sticky-section-no e-con e-parent\" data-id=\"eabe9d8\" data-element_type=\"container\">\n\t\t\t\t\t<div class=\"e-con-inner\">\n\t\t<div class=\"elementor-element elementor-element-87ff76f e-con-full e-flex wpr-particle-no wpr-jarallax-no wpr-parallax-no wpr-sticky-section-no e-con e-child\" data-id=\"87ff76f\" data-element_type=\"container\">\n\t\t\t\t<div class=\"elementor-element elementor-element-23bc063 elementor-widget__width-initial elementor-widget elementor-widget-text-editor\" data-id=\"23bc063\" data-element_type=\"widget\" data-widget_type=\"text-editor.default\">\n\t\t\t\t\t\t\t\t\t<p data-start=\"950\" data-end=\"1226\">Como um dos principais ourives da Sigsmund Gansl, Nicolino e sua esposa Leonice Lanzara percebem a oportunidade de melhorar a renda familiar, e nas horas de folga passam a vender joias para amigos. E assim iniciava um novo ciclo que se transformaria a vida da fam\u00edlia Lanzara.<\/p><p data-start=\"1228\" data-end=\"1535\">O tempo passou e no ano de 1996 a Lanzara inaugura sua primeira loja em Crici\u00fama, sul de Santa Catarina. Era uma pequena loja dentro do Crici\u00fama Shopping, onde a persist\u00eancia e determina\u00e7\u00e3o de toda a fam\u00edlia resultaram no sucesso da empresa, conquistando admira\u00e7\u00e3o e reconhecimento da sociedade criciumense.<\/p><p data-start=\"1537\" data-end=\"1810\">Em 2007, com a abertura da segunda loja, no badalado Shopping Iguatemi Florian\u00f3polis, o sucesso em vendas exige novos investimentos para amplia\u00e7\u00e3o do ateli\u00ea da Lanzara e, em 2012, a terceira loja no maior shopping de Santa Catarina, o Continente Park Shopping, em S\u00e3o Jos\u00e9.<\/p><p data-start=\"1812\" data-end=\"2062\">A Lanzara se consolida na regi\u00e3o da grande Florian\u00f3polis e, em 2020, com a quarta loja no centro de Crici\u00fama no Shopping Della, sendo sin\u00f4nimo de requinte e bom gosto, oferecendo produtos reconhecidos pelo alto padr\u00e3o de qualidade e design exclusivo.<\/p>\t\t\t\t\t\t\t\t<\/div>\n\t\t\t\t<div class=\"elementor-element elementor-element-0c8ac6d elementor-widget elementor-widget-spacer\" data-id=\"0c8ac6d\" data-element_type=\"widget\" data-widget_type=\"spacer.default\">\n\t\t\t\t\t\t\t<div class=\"elementor-spacer\">\n\t\t\t<div class=\"elementor-spacer-inner\"><\/div>\n\t\t<\/div>\n\t\t\t\t\t\t<\/div>\n\t\t\t\t<div class=\"elementor-element elementor-element-cd21c3e elementor-widget__width-initial elementor-widget elementor-widget-text-editor\" data-id=\"cd21c3e\" data-element_type=\"widget\" data-widget_type=\"text-editor.default\">\n\t\t\t\t\t\t\t\t\t<p data-start=\"2092\" data-end=\"2332\">No nosso ateli\u00ea \u00e9 onde tudo come\u00e7a. Cada pe\u00e7a \u00e9 criada pela nossa designer Giovanna Lanzara, com um olhar atento a cada detalhe. Cada pedra e joia \u00e9 escolhida com carinho, sempre pensando na cria\u00e7\u00e3o de joias \u00fanicas, aut\u00eanticas e atemporais.<\/p><p data-start=\"2334\" data-end=\"2420\">\u00c9 sobre transmitir ess\u00eancia, deixar um legado e emocionar com verdade e autenticidade.<\/p><p data-start=\"2422\" data-end=\"2573\">\u201cAcredito que a joia vai muito al\u00e9m do status. Ela representa autenticidade, afeto, amor, hist\u00f3rias\u2026 e, principalmente, aquilo que carregamos na alma.\u201d<\/p>\t\t\t\t\t\t\t\t<\/div>\n\t\t\t\t<div class=\"elementor-element elementor-element-b8a34d8 elementor-widget elementor-widget-spacer\" data-id=\"b8a34d8\" data-element_type=\"widget\" data-widget_type=\"spacer.default\">\n\t\t\t\t\t\t\t<div class=\"elementor-spacer\">\n\t\t\t<div class=\"elementor-spacer-inner\"><\/div>\n\t\t<\/div>\n\t\t\t\t\t\t<\/div>\n\t\t\t\t<div class=\"elementor-element elementor-element-d0b527d elementor-widget__width-initial elementor-widget elementor-widget-text-editor\" data-id=\"d0b527d\" data-element_type=\"widget\" data-widget_type=\"text-editor.default\">\n\t\t\t\t\t\t\t\t\t<p data-start=\"2604\" data-end=\"2936\">Os designs l\u00fadicos e originais da Lanzara ganham vida com nossos mestres artes\u00e3os em nossas oficinas. Valorizamos o artesanato excepcional, utilizando t\u00e9cnicas tradicionais de ourivesaria georgiana para criar tesouros belos, \u00fanicos e modernos que se tornam uma parte querida do guarda-roupa de joias do dia a dia de nossos clientes.<\/p>\t\t\t\t\t\t\t\t<\/div>\n\t\t\t\t<\/div>\n\t\t<div class=\"elementor-element elementor-element-ec08ef8 e-con-full e-flex wpr-particle-no wpr-jarallax-no wpr-parallax-no wpr-sticky-section-no e-con e-child\" data-id=\"ec08ef8\" data-element_type=\"container\">\n\t\t\t\t<div class=\"elementor-element elementor-element-603b81a elementor-widget elementor-widget-image\" data-id=\"603b81a\" data-element_type=\"widget\" data-widget_type=\"image.default\">\n\t\t\t\t\t\t\t\t\t\t\t\t\t\t\t<img decoding=\"async\" width=\"683\" height=\"1024\" src=\"https:\/\/conceitolanzara.com\/wp-content\/uploads\/2025\/12\/456e9326-b122-4c79-bcd2-1ef6b7807e6f-683x1024.jpg\" class=\"attachment-large size-large wp-image-1814\" alt=\"\" srcset=\"https:\/\/conceitolanzara.com\/wp-content\/uploads\/2025\/12\/456e9326-b122-4c79-bcd2-1ef6b7807e6f-683x1024.jpg 683w, https:\/\/conceitolanzara.com\/wp-content\/uploads\/2025\/12\/456e9326-b122-4c79-bcd2-1ef6b7807e6f-200x300.jpg 200w, https:\/\/conceitolanzara.com\/wp-content\/uploads\/2025\/12\/456e9326-b122-4c79-bcd2-1ef6b7807e6f-768x1152.jpg 768w, https:\/\/conceitolanzara.com\/wp-content\/uploads\/2025\/12\/456e9326-b122-4c79-bcd2-1ef6b7807e6f-1024x1536.jpg 1024w, https:\/\/conceitolanzara.com\/wp-content\/uploads\/2025\/12\/456e9326-b122-4c79-bcd2-1ef6b7807e6f-1365x2048.jpg 1365w, https:\/\/conceitolanzara.com\/wp-content\/uploads\/2025\/12\/456e9326-b122-4c79-bcd2-1ef6b7807e6f-600x900.jpg 600w, https:\/\/conceitolanzara.com\/wp-content\/uploads\/2025\/12\/456e9326-b122-4c79-bcd2-1ef6b7807e6f-scaled.jpg 1707w\" sizes=\"(max-width: 683px) 100vw, 683px\" \/>\t\t\t\t\t\t\t\t\t\t\t\t\t\t\t<\/div>\n\t\t\t\t<\/div>\n\t\t\t\t\t<\/div>\n\t\t\t\t<\/div>\n\t\t<div class=\"elementor-element elementor-element-d3d9d11 e-flex e-con-boxed wpr-particle-no wpr-jarallax-no wpr-parallax-no wpr-sticky-section-no e-con e-parent\" data-id=\"d3d9d11\" data-element_type=\"container\">\n\t\t\t\t\t<div class=\"e-con-inner\">\n\t\t\t\t\t<\/div>\n\t\t\t\t<\/div>\n\t\t<div class=\"elementor-element elementor-element-9860e99 e-con-full e-flex wpr-particle-no wpr-jarallax-no wpr-parallax-no wpr-sticky-section-no e-con e-parent\" data-id=\"9860e99\" data-element_type=\"container\">\n\t\t\t\t<div class=\"elementor-element elementor-element-bd19243 wpr-promo-box-style-cover elementor-widget elementor-widget-wpr-promo-box\" data-id=\"bd19243\" data-element_type=\"widget\" data-widget_type=\"wpr-promo-box.default\">\n\t\t\t\t\t\n\t\t<div class=\"wpr-promo-box wpr-animation-wrap\">\n\n\t\t\t\t\t\t\t\n\t\t\t\t\t\t\t<div class=\"wpr-promo-box-image\">\n\t\t\t\t\t<div class=\"wpr-promo-box-bg-image wpr-bg-anim-zoom-in wpr-anim-timing-ease-default\" style=\"background-image:url(https:\/\/conceitolanzara.com\/wp-content\/uploads\/2024\/03\/Cover-8.jpg);\"><\/div>\n\t\t\t\t\t<div class=\"wpr-promo-box-bg-overlay wpr-border-anim-none\"><\/div>\n\t\t\t\t<\/div>\n\t\t\t\t\t\t\n\t\t\t<div class=\"wpr-promo-box-content\">\n\n\t\t\t\t\n\t\t\t\t<h3 class=\"wpr-promo-box-title\"><span>Tradi\u00e7\u00e3o que Brilha<\/span><\/h3>\n\t\t\t\t\t\t\t\t\t<div class=\"wpr-promo-box-description\">\n\t\t\t\t\t\t<p><p><strong data-start=\"533\" data-end=\"570\">Onde a Tradi\u00e7\u00e3o Encontra o Brilho<\/strong><br data-start=\"570\" data-end=\"573\" \/>Por gera\u00e7\u00f5es, a fam\u00edlia Lanzara aperfei\u00e7oa a arte de criar joias que celebram momentos, hist\u00f3rias e sentimentos.<\/p><\/p>\t\n\t\t\t\t\t<\/div>\t\t\t\t\t\t\n\t\t\t\t\n\t\t\t\t\t\t\t<\/div>\n\n\t\t\t\t\t<\/div>\n\n\t\t\t\t\t\t<\/div>\n\t\t\t\t<\/div>\n\t\t\t\t<\/div>\n\t\t","protected":false},"excerpt":{"rendered":"<p>Conceito Lanzara A empresa mais inovadora do mundo no ecossistema de joias Est\u00e1 no mercado trazendo um novo olhar para as pessoas de alto valor que s\u00e3o emolduradas por inova\u00e7\u00f5es que extraem a beleza interior e exp\u00f5e ao mundo exterior o brilho de quem utiliza pe\u00e7as do conceito Lanzara. S\u00e3o mais de 30 anos inovando no mercado e criando tend\u00eancias visando a nobreza e o requinte do seleto grupo de pessoas que influenciam o meio com exclusividade. Viver uma experi\u00eancia no conceito Lanzara \u00e9 inaugurar uma nova vis\u00e3o de excel\u00eancia pessoal. Viva a sua pr\u00f3pria experiencia de exclusividade. Voc\u00ea pode sonhar! Idealize a sua joia. Imagine aquela pe\u00e7a que voc\u00ea sonha. Nosso departamento de design ir\u00e1 desenvolver a sua pe\u00e7a com o material que voc\u00ea deseja e detalhes que voc\u00ea merece. Confeccionaremos a sua pe\u00e7a. Acompanharemos e filmaremos todo o processo de produ\u00e7\u00e3o. Emitiremos o seu certificado de posse e autenticidade e voc\u00ea tera um bem inestim\u00e1vel exclusivo. Voc\u00ea pode, tamb\u00e9m, criar a sua pr\u00f3pria cole\u00e7\u00e3o levando o seu nome e sua marca. Voc\u00ea ser\u00e1 dono de um glamour fundamentado na excel\u00eancia e exclusividade. Contate-nos para maiores detalhes! Luxo &amp; Artesania xcel\u00eancia em Joalheria ArtesanalCada joia Lanzara nasce das m\u00e3os de mestres ourives dedicados \u00e0 precis\u00e3o, beleza e autenticidade.Transformamos tradi\u00e7\u00e3o em arte e detalhes em eternidade. Conhe\u00e7a Nossa Ess\u00eancia Hist\u00f3ria da Lanzara A hist\u00f3ria da Lanzara Joias remonta ao ano de 1956 quando seu fundador, Nicolino Lanzara, inicia em S\u00e3o Paulo o seu aprendizado na arte joalheira, com seu mestre Pierre de Montouchet, um dos maiores joalheiros franceses daquela \u00e9poca. Depois de desenvolver com destaque suas habilidades na arte da ourivesaria, despertou o interesse de uma grande joalheria de S\u00e3o Paulo, a Sigsmund Gansl, empresa onde prestou seus servi\u00e7os por agrad\u00e1veis 35 anos, adquirindo profundos conhecimentos da alta joalheria, criando e confeccionando magn\u00edficas joias para seleto grupo como Chiquinho Scarpa, Antonio Erm\u00edrio de Moraes, Paulo Maluf, Hebe Camargo, Jos\u00e9 Luiz Datena, entre outras personalidades da alta sociedade paulista. Como um dos principais ourives da Sigsmund Gansl, Nicolino e sua esposa Leonice Lanzara percebem a oportunidade de melhorar a renda familiar, e nas horas de folga passam a vender joias para amigos. E assim iniciava um novo ciclo que se transformaria a vida da fam\u00edlia Lanzara. O tempo passou e no ano de 1996 a Lanzara inaugura sua primeira loja em Crici\u00fama, sul de Santa Catarina. Era uma pequena loja dentro do Crici\u00fama Shopping, onde a persist\u00eancia e determina\u00e7\u00e3o de toda a fam\u00edlia resultaram no sucesso da empresa, conquistando admira\u00e7\u00e3o e reconhecimento da sociedade criciumense. Em 2007, com a abertura da segunda loja, no badalado Shopping Iguatemi Florian\u00f3polis, o sucesso em vendas exige novos investimentos para amplia\u00e7\u00e3o do ateli\u00ea da Lanzara e, em 2012, a terceira loja no maior shopping de Santa Catarina, o Continente Park Shopping, em S\u00e3o Jos\u00e9. A Lanzara se consolida na regi\u00e3o da grande Florian\u00f3polis e, em 2020, com a quarta loja no centro de Crici\u00fama no Shopping Della, sendo sin\u00f4nimo de requinte e bom gosto, oferecendo produtos reconhecidos pelo alto padr\u00e3o de qualidade e design exclusivo. No nosso ateli\u00ea \u00e9 onde tudo come\u00e7a. Cada pe\u00e7a \u00e9 criada pela nossa designer Giovanna Lanzara, com um olhar atento a cada detalhe. Cada pedra e joia \u00e9 escolhida com carinho, sempre pensando na cria\u00e7\u00e3o de joias \u00fanicas, aut\u00eanticas e atemporais. \u00c9 sobre transmitir ess\u00eancia, deixar um legado e emocionar com verdade e autenticidade. \u201cAcredito que a joia vai muito al\u00e9m do status. Ela representa autenticidade, afeto, amor, hist\u00f3rias\u2026 e, principalmente, aquilo que carregamos na alma.\u201d Os designs l\u00fadicos e originais da Lanzara ganham vida com nossos mestres artes\u00e3os em nossas oficinas. Valorizamos o artesanato excepcional, utilizando t\u00e9cnicas tradicionais de ourivesaria georgiana para criar tesouros belos, \u00fanicos e modernos que se tornam uma parte querida do guarda-roupa de joias do dia a dia de nossos clientes. Tradi\u00e7\u00e3o que Brilha Onde a Tradi\u00e7\u00e3o Encontra o BrilhoPor gera\u00e7\u00f5es, a fam\u00edlia Lanzara aperfei\u00e7oa a arte de criar joias que celebram momentos, hist\u00f3rias e sentimentos.<\/p>\n","protected":false},"author":1,"featured_media":0,"parent":0,"menu_order":0,"comment_status":"closed","ping_status":"closed","template":"elementor_canvas","meta":{"footnotes":""},"class_list":["post-30","page","type-page","status-publish","hentry"],"translation":{"provider":"WPGlobus","version":"3.0.0","language":"de","enabled_languages":["en","es","de","fr","ru"],"languages":{"en":{"title":true,"content":true,"excerpt":false},"es":{"title":false,"content":false,"excerpt":false},"de":{"title":false,"content":false,"excerpt":false},"fr":{"title":false,"content":false,"excerpt":false},"ru":{"title":false,"content":false,"excerpt":false}}},"acf":[],"_links":{"self":[{"href":"https:\/\/conceitolanzara.com\/de\/wp-json\/wp\/v2\/pages\/30","targetHints":{"allow":["GET"]}}],"collection":[{"href":"https:\/\/conceitolanzara.com\/de\/wp-json\/wp\/v2\/pages"}],"about":[{"href":"https:\/\/conceitolanzara.com\/de\/wp-json\/wp\/v2\/types\/page"}],"author":[{"embeddable":true,"href":"https:\/\/conceitolanzara.com\/de\/wp-json\/wp\/v2\/users\/1"}],"replies":[{"embeddable":true,"href":"https:\/\/conceitolanzara.com\/de\/wp-json\/wp\/v2\/comments?post=30"}],"version-history":[{"count":13,"href":"https:\/\/conceitolanzara.com\/de\/wp-json\/wp\/v2\/pages\/30\/revisions"}],"predecessor-version":[{"id":1817,"href":"https:\/\/conceitolanzara.com\/de\/wp-json\/wp\/v2\/pages\/30\/revisions\/1817"}],"wp:attachment":[{"href":"https:\/\/conceitolanzara.com\/de\/wp-json\/wp\/v2\/media?parent=30"}],"curies":[{"name":"wp","href":"https:\/\/api.w.org\/{rel}","templated":true}]}}